{"id":151,"date":"2025-05-30T12:18:03","date_gmt":"2025-05-30T18:18:03","guid":{"rendered":"https:\/\/portal.pronea.gt\/?page_id=151"},"modified":"2025-06-02T16:07:29","modified_gmt":"2025-06-02T22:07:29","slug":"ciclo_basico","status":"publish","type":"page","link":"https:\/\/portal.pronea.gt\/?page_id=151","title":{"rendered":"Ciclo de Educaci\u00f3n B\u00e1sica"},"content":{"rendered":"<div id=\"cmsmasters_row_\" class=\"cmsmasters_row cmsmasters_color_scheme_default cmsmasters_row_top_default cmsmasters_row_bot_default cmsmasters_row_boxed\">\n<div class=\"cmsmasters_row_outer_parent\">\n<div class=\"cmsmasters_row_outer\">\n<div class=\"cmsmasters_row_inner\">\n<div class=\"cmsmasters_row_margin\">\n<div id=\"cmsmasters_column_\" class=\"cmsmasters_column one_first\">\n<div class=\"cmsmasters_column_inner\"><div id=\"cmsmasters_divider_9ppfy3fj6e\" class=\"cmsmasters_divider cmsmasters_divider_width_long cmsmasters_divider_pos_center\"><\/div>\n<div class=\"cmsmasters_text\" data-animation=\"fadeInUp\">\n<h4>En el Ciclo de Educaci\u00f3n B\u00e1sica, nos enfocamos en el desarrollo social del estudiante, donde se fortalecen habilidades y competencias como la comunicaci\u00f3n asertiva, emp\u00e1tica y relaciones interpersonales, habilidades para el manejo de conflictos, colaboraci\u00f3n y trabajo en equipo, ciudadan\u00eda activa, liderazgo comunitario, participaci\u00f3n comunitaria, responsabilidad social, entre otros.<\/h4>\n<\/div>\n<div id=\"cmsmasters_divider_c5of6mp9ef\" class=\"cmsmasters_divider cmsmasters_divider_width_long cmsmasters_divider_pos_center\"><\/div>\n<\/div><\/div>\n<\/div>\n<\/div>\n<\/div>\n<\/div>\n<\/div>\n<div id=\"cmsmasters_row_impz7u3e0x\" class=\"cmsmasters_row cmsmasters_color_scheme_default cmsmasters_row_top_default cmsmasters_row_bot_default cmsmasters_row_boxed\">\n<div class=\"cmsmasters_row_outer_parent\">\n<div class=\"cmsmasters_row_outer\">\n<div class=\"cmsmasters_row_inner\">\n<div class=\"cmsmasters_row_margin\">\n<div id=\"cmsmasters_column_bpwua91368\" class=\"cmsmasters_column one_half\">\n<div class=\"cmsmasters_column_inner\"><div class=\"cmsmasters_text\" data-animation=\"fadeIn\" data-delay=\"0\">\n<h5>La entrega educativa del Ciclo B\u00e1sico se realiza en dos etapas, abordando las siguientes \u00e1reas:<\/h5>\n<\/div>\n<div class=\"cmsmasters_wrap_table\"><table class=\"cmsmasters_table\" data-animation=\"fadeInLeft\" data-delay=\"0\"><caption><\/caption><thead><tr class=\"cmsmasters_table_row_header\"><th class=\"cmsmasters_table_cell_alignleft\">Primera Etapa (homologado a segundo b\u00e1sico)<\/th><th class=\"cmsmasters_table_cell_alignleft\">Segunda etapa (homologado a tercero b\u00e1sico)<\/th><\/tr><\/thead><tr><td class=\"cmsmasters_table_cell_alignleft\">Comunicaci\u00f3n y Lenguaje<\/td><td class=\"cmsmasters_table_cell_alignleft\">Comunicaci\u00f3n y Lenguaje<\/td><\/tr><tr><td class=\"cmsmasters_table_cell_alignleft\">Matem\u00e1ticas<\/td><td class=\"cmsmasters_table_cell_alignleft\">Matem\u00e1ticas<\/td><\/tr><tr><td class=\"cmsmasters_table_cell_alignleft\">Ciencias Naturales<\/td><td class=\"cmsmasters_table_cell_alignleft\">Ciencias Naturales<\/td><\/tr><tr><td class=\"cmsmasters_table_cell_alignleft\">Ciencias Sociales y Ciudadan\u00eda<\/td><td class=\"cmsmasters_table_cell_alignleft\">Ciencias Sociales y Ciudadan\u00eda<\/td><\/tr><tr><td class=\"cmsmasters_table_cell_alignleft\">Emprendimiento para la productividad<\/td><td class=\"cmsmasters_table_cell_alignleft\">Emprendimiento para la productividad<\/td><\/tr><\/table><\/div>\n<\/div><\/div>\n<div id=\"cmsmasters_column_rh5ulrnhkc\" class=\"cmsmasters_column one_half\">\n<div class=\"cmsmasters_column_inner\"><div class=\"cmsmasters_text\">\n<h2>Requisitos<\/h2>\n<\/div>\n<ul id=\"cmsmasters_icon_list_items_ihnswfqle\" class=\"cmsmasters_icon_list_items cmsmasters_icon_list_type_list\" data-animation=\"fadeInUp\" data-delay=\"0\"><li id=\"cmsmasters_icon_list_item_chkvs399w\" class=\"cmsmasters_icon_list_item cmsmasters-icon-ok-circled\">15 a\u00f1os de edad cumplidos<\/li><li id=\"cmsmasters_icon_list_item_0jo4pp6c5b\" class=\"cmsmasters_icon_list_item cmsmasters-icon-ok-circled\">Presentar copia de certificado de nacimiento para menores de edad o copia de Documento de Identificaci\u00f3n para los mayores de edad<\/li><li id=\"cmsmasters_icon_list_item_ebqqg3j2ia\" class=\"cmsmasters_icon_list_item cmsmasters-icon-ok-circled\">Presentar copia de Certificado del \u00faltimo grado aprobado<\/li><li id=\"cmsmasters_icon_list_item_4xwd3hd2yg\" class=\"cmsmasters_icon_list_item cmsmasters-icon-ok-circled\">Llenar ficha de preinscripci\u00f3n<\/li><\/ul>\n<\/div><\/div>\n<\/div>\n<\/div>\n<\/div>\n<\/div>\n<\/div>\n<!-- \/wp:post-content -->","protected":false},"excerpt":{"rendered":"","protected":false},"author":2,"featured_media":0,"parent":0,"menu_order":0,"comment_status":"closed","ping_status":"closed","template":"","meta":{"_price":"","_stock":"","_tribe_ticket_header":"","_tribe_default_ticket_provider":"TEC\\Tickets\\Commerce\\Module","_tribe_ticket_capacity":"0","_ticket_start_date":"","_ticket_end_date":"","_tribe_ticket_show_description":"","_tribe_ticket_show_not_going":false,"_tribe_ticket_use_global_stock":"","_tribe_ticket_global_stock_level":"","_global_stock_mode":"","_global_stock_cap":"","_tribe_rsvp_for_event":"","_tribe_ticket_going_count":"","_tribe_ticket_not_going_count":"","_tribe_tickets_list":"[]","_tribe_ticket_has_attendee_info_fields":false,"footnotes":"","_tec_slr_enabled":"","_tec_slr_layout":""},"class_list":["post-151","page","type-page","status-publish","hentry"],"ticketed":false,"_links":{"self":[{"href":"https:\/\/portal.pronea.gt\/index.php?rest_route=\/wp\/v2\/pages\/151","targetHints":{"allow":["GET"]}}],"collection":[{"href":"https:\/\/portal.pronea.gt\/index.php?rest_route=\/wp\/v2\/pages"}],"about":[{"href":"https:\/\/portal.pronea.gt\/index.php?rest_route=\/wp\/v2\/types\/page"}],"author":[{"embeddable":true,"href":"https:\/\/portal.pronea.gt\/index.php?rest_route=\/wp\/v2\/users\/2"}],"replies":[{"embeddable":true,"href":"https:\/\/portal.pronea.gt\/index.php?rest_route=%2Fwp%2Fv2%2Fcomments&post=151"}],"version-history":[{"count":12,"href":"https:\/\/portal.pronea.gt\/index.php?rest_route=\/wp\/v2\/pages\/151\/revisions"}],"predecessor-version":[{"id":1370,"href":"https:\/\/portal.pronea.gt\/index.php?rest_route=\/wp\/v2\/pages\/151\/revisions\/1370"}],"wp:attachment":[{"href":"https:\/\/portal.pronea.gt\/index.php?rest_route=%2Fwp%2Fv2%2Fmedia&parent=151"}],"curies":[{"name":"wp","href":"https:\/\/api.w.org\/{rel}","templated":true}]}}