{"id":174,"date":"2025-05-30T14:46:44","date_gmt":"2025-05-30T20:46:44","guid":{"rendered":"https:\/\/portal.pronea.gt\/?page_id=174"},"modified":"2025-06-09T17:59:30","modified_gmt":"2025-06-09T23:59:30","slug":"biblioteca-virtual","status":"publish","type":"page","link":"https:\/\/portal.pronea.gt\/?page_id=174","title":{"rendered":"Biblioteca virtual"},"content":{"rendered":"<style type=\"text\/css\">\r\n\/* Search Panel *\/\r\n.wbg-search-container {\r\n    background: #FFFFFF;\r\n    border: 0px solid #CCCCCC;\r\n    border-radius: 0px;\r\n    margin-top: 0px;\r\n    margin-bottom: 10px;\r\n}\r\n\/* Search Input *\/\r\n.wbg-search-container .wbg-search-item input[type=\"text\"],\r\n.selectize-control.single .selectize-input,\r\n.selectize-dropdown [data-selectable].option {\r\n    background-color: #FFFFFF;\r\n    color: #242424!important;\r\n    font-size: 14px;\r\n}\r\n.selectize-input input {\r\n    color: #242424!important;\r\n}\r\n\r\n.selectize-dropdown [data-selectable].option {\r\n    cursor: pointer;\r\n    border-bottom: 1px solid #EEE;\r\n    padding-bottom: 5px;\r\n}\r\n\/* Search Button *\/\r\n.wbg-search-container .wbg-search-item .submit-btn {\r\n    background: #0274be;\r\n    border: 1px solid #317081;\r\n    color: #FFFFFF;\r\n    font-size: 14px;\r\n    font-weight: 700;\r\n}\r\n.wbg-search-container .wbg-search-item .submit-btn:hover {\r\n    background: #EAEAEA;\r\n    color: #242424;\r\n}\r\n\/* Search Reset Button *\/\r\n.wbg-search-container .wbg-search-item a#wbg-search-refresh {\r\n    background: #EEEEEE;\r\n    border: 1px solid #999999;\r\n    color: #111111;\r\n    width: 45px;\r\n    font-size: 18px;\r\n}\r\n.wbg-search-container .wbg-search-item a#wbg-search-refresh:hover {\r\n    background: #6fa0df;\r\n    color: #FFFFFF;\r\n    border: 1px solid #6fa0df;\r\n}\r\n<\/style><style type=\"text\/css\">\r\n    .wbg-parent-wrapper {\r\n    background: #FFF;\r\n    border: 1px solid #FFFFFF;\r\n    max-width: 1200px;\r\n    margin-top: 0px;\r\n    margin-bottom: 0px;\r\n    padding: 0px;\r\n    border-radius: 0px;\r\n  }\r\n  .wbg-main-wrapper .wbg-item {\r\n    border: 1px solid #FFFFFF;\r\n    background-color: #F4F4F4;\r\n    white-space: normal;\r\n    padding-top: 10px;\r\n    padding-right: 10px;\r\n    padding-left: 10px;\r\n  }\r\n  \/*\r\n  .wbg-main-wrapper .wbg-item img {\r\n    width: ;\r\n    height: ;\r\n  }\r\n  *\/\r\n  .wbg-main-wrapper .wbg-item img:hover {\r\n      }\r\n  .wbg-main-wrapper .wbg-item a.wbg-btn {\r\n    background: #0274be;\r\n    color: #FFFFFF;\r\n    font-size: 12px;\r\n  }\r\n  .wbg-main-wrapper .wbg-item a.wbg-btn:hover {\r\n    background: #0274be;\r\n    color: #FFFFFF;\r\n  }\r\n  .wbg-main-wrapper .wbg-item .wgb-item-link {\r\n    color: #242424 !important;\r\n    font-size: 18px !important;\r\n  }\r\n  .wbg-main-wrapper .wbg-item .wgb-item-link:hover {\r\n    color: #FF0000 !important;\r\n  }\r\n  .wbg-main-wrapper .wbg-item .wbg-description-content {\r\n    font-size: 12px !important;\r\n    color: #242424 !important;\r\n  }\r\n  \r\n  @-webkit-keyframes rotation {\r\n    from {\r\n      -webkit-transform: rotate(0deg);\r\n    }\r\n    to {\r\n      -webkit-transform: rotate(360deg);\r\n    }\r\n  }\r\n\r\n  \/* List style *\/\r\n  .wbg-main-wrapper.list .wbg-item-list-wrapper {\r\n      border-bottom: 1px solid #FFFFFF;\r\n      background-color: #F4F4F4;\r\n      white-space: normal;\r\n  }\r\n  .wbg-main-wrapper.list .wbg-item-list-wrapper .wbg-item-list-detials .wbg-title h3.wgb-item-link,\r\n  .wbg-main-wrapper.list .wbg-item-list-wrapper .wbg-item-list-detials .wbg-title a.wgb-item-link {\r\n      color: #242424 !important;\r\n      font-size: 18px !important;\r\n  }\r\n  .wbg-main-wrapper.list .wbg-item-list-wrapper .wbg-item-list-detials .wbg-title h3.wgb-item-link:hover,\r\n  .wbg-main-wrapper.list .wbg-item-list-wrapper .wbg-item-list-detials .wbg-title a.wgb-item-link:hover {\r\n      color: #FF0000 !important;\r\n  }\r\n  .wbg-main-wrapper.list .wbg-item-list-wrapper .wbg-item-list-detials .regular-price .wbgp-price {\r\n    font-size: 16px;\r\n  }\r\n  .wbg-main-wrapper.list .wbg-item-list-wrapper .wbg-item-list-detials .regular-price .wbgp-price.price-after {\r\n      color: #13b651;\r\n  }\r\n  .wbg-main-wrapper.list .wbg-item-list-wrapper .wbg-item-list-detials .regular-price .wbgp-price.price-before {\r\n      color: #ff7162;\r\n  }\r\n  .wbg-main-wrapper.list .wbg-item-list-wrapper .wbg-item-list-detials span.loop-author,\r\n  .wbg-main-wrapper.list .wbg-item-list-wrapper .wbg-item-list-detials span.loop-author a.wbg-list-author {\r\n    color: #555555;\r\n    font-size: 11px !important;\r\n  }\r\n  .wbg-main-wrapper.list .wbg-item-list-wrapper .wbg-item-list-detials span.loop-category,\r\n  .wbg-main-wrapper.list .wbg-item-list-wrapper .wbg-item-list-detials span.loop-category a.wbg-list-cat {\r\n    color: #555555;\r\n    font-size: 11px !important;\r\n  }\r\n  .wbg-main-wrapper.list .wbg-item-list-wrapper .wbg-item-list-detials .wbg-description-content {\r\n      font-size: 12px !important;\r\n      color: #242424 !important;\r\n  }\r\n  .wbg-main-wrapper .wbg-item-list-wrapper a.wbg-btn {\r\n      background: #0274be;\r\n      color: #FFFFFF;\r\n      font-size: 12px;\r\n  }\r\n  .wbg-main-wrapper .wbg-item-list-wrapper a.wbg-btn:hover {\r\n      background: #0274be;\r\n      color: #FFFFFF;\r\n  }\r\n<\/style><div class=\"wbg-parent-wrapper\">\r\n  <form method=\"GET\" action=\"https:\/\/portal.pronea.gt\/Biblioteca\" id=\"wbg-search-form\">\r\n    <div class=\"wrap wbg-search-container\">\r\n              <div class=\"wbg-search-item\">\r\n            <input type=\"text\" name=\"wbg_title_s\" placeholder=\"T\u00edtulo del libro\" value=\"\">\r\n          <\/div>\r\n                    <div class=\"wbg-search-item\">\r\n            <select id=\"wbg_category_s\" name=\"wbg_category_s\" class=\"wbg-selectize\">\r\n                <option value=\"\">Todas las categor\u00edas<\/option>\r\n                                  <option value=\"Formaci\u00f3n para la vida y el trabajo\" >Formaci\u00f3n para la vida y el trabajo<\/option>\r\n                                    <option value=\"M\u00f3dulos de aprendizaje\" >M\u00f3dulos de aprendizaje<\/option>\r\n                                        <option value=\"Bachillerato en Ciencias y Letras con Orientaci\u00f3n en Productividad y Emprendimiento\" >- Bachillerato en Ciencias y Letras con Orientaci\u00f3n en Productividad y Emprendimiento<\/option>\r\n                                            <option value=\"Ciclo de Educaci\u00f3n B\u00e1sica\" >- Ciclo de Educaci\u00f3n B\u00e1sica<\/option>\r\n                                  <\/select>\r\n          <\/div>\r\n                    <div class=\"wbg-search-item\">\r\n              <select id=\"wbg_published_on_s\" name=\"wbg_published_on_s\" class=\"wbg-selectize\">\r\n                  <option value=\"\">Todos los a\u00f1os<\/option>\r\n                                        <option value=\"2025\"  >2025<\/option>\r\n                                    <\/select>\r\n          <\/div>\r\n                      <div class=\"wbg-search-item\">\r\n                <select id=\"wbg_language_s\" name=\"wbg_language_s\" class=\"wbg-selectize\">\r\n                    <option value=\"\">Todos los lenguajes<\/option>\r\n                                            <option value=\"Espa\u00f1ol\"  >Espa\u00f1ol<\/option>\r\n                                    <\/select>\r\n            <\/div>\r\n            \r\n    <div class=\"wbg-search-item\">\r\n      <input type=\"submit\" class=\"button submit-btn\" value=\"Buscar libro\">\r\n    <\/div>\r\n\r\n          <div class=\"wbg-search-item refresh\">\r\n        <a href=\"https:\/\/portal.pronea.gt\/Biblioteca\" id=\"wbg-search-refresh\">\r\n                        <span class=\"fa fa-refresh\"><\/span>\r\n                      <\/a>\r\n      <\/div>\r\n        <\/div>\r\n<\/form>    <div class=\"wbg-main-wrapper wbg-product-column-4 wbg-product-column-mobile-1 grid\">\r\n      <div class=\"wbg-item\">\r\n            <a class=\"wgb-item-link\" href=\"https:\/\/portal.pronea.gt\/?books=desarrollo-mis-habilidades-personales-para-mi-vida-laboral\" target=\"_self\">\r\n            <img decoding=\"async\" src=\"https:\/\/portal.pronea.gt\/wp-content\/uploads\/2025\/06\/portada_habilidades_blandas.jpg\" alt=\"Desarrollo mis habilidades personales para mi vida laboral\" style=\"height:200px; object-fit: fill;\">            Desarrollo mis habilidades personales para...        <\/a>\r\n            <!-- Button Panel -->\r\n    <div class=\"wbg-button-container\">\r\n            <\/div>\r\n<\/div><div class=\"wbg-item\">\r\n            <a class=\"wgb-item-link\" href=\"https:\/\/portal.pronea.gt\/?books=modulo-1-etapa-ciclo-basico\" target=\"_self\">\r\n            <img decoding=\"async\" src=\"https:\/\/portal.pronea.gt\/wp-content\/uploads\/2025\/12\/portada_basico_E1M1.png\" alt=\"M\u00f3dulo 1 | Etapa | Ciclo B\u00e1sico\" style=\"height:200px; object-fit: fill;\">            M\u00f3dulo 1 | Etapa |...        <\/a>\r\n            <!-- Button Panel -->\r\n    <div class=\"wbg-button-container\">\r\n            <\/div>\r\n<\/div><div class=\"wbg-item\">\r\n            <a class=\"wgb-item-link\" href=\"https:\/\/portal.pronea.gt\/?books=modulo-1-etapa-2-ciclo-de-educacion-basica\" target=\"_self\">\r\n            <img decoding=\"async\" src=\"https:\/\/portal.pronea.gt\/wp-content\/uploads\/2025\/12\/portada_m1_E2_Basico.png\" alt=\"M\u00f3dulo 1 | Etapa 2 | Ciclo de Educaci\u00f3n B\u00e1sica\" style=\"height:200px; object-fit: fill;\">            M\u00f3dulo 1 | Etapa 2...        <\/a>\r\n            <!-- Button Panel -->\r\n    <div class=\"wbg-button-container\">\r\n            <\/div>\r\n<\/div><div class=\"wbg-item\">\r\n            <a class=\"wgb-item-link\" href=\"https:\/\/portal.pronea.gt\/?books=modulo-1-de-cuarto-bachillerato\" target=\"_self\">\r\n            <img decoding=\"async\" src=\"https:\/\/portal.pronea.gt\/wp-content\/uploads\/2025\/12\/portada_m1_4BAch.png\" alt=\"M\u00f3dulo 1 de cuarto bachillerato\" style=\"height:200px; object-fit: fill;\">            M\u00f3dulo 1 de cuarto bachillerato        <\/a>\r\n            <!-- Button Panel -->\r\n    <div class=\"wbg-button-container\">\r\n            <\/div>\r\n<\/div><div class=\"wbg-item\">\r\n            <a class=\"wgb-item-link\" href=\"https:\/\/portal.pronea.gt\/?books=1331-2\" target=\"_self\">\r\n            <img decoding=\"async\" src=\"https:\/\/portal.pronea.gt\/wp-content\/uploads\/2025\/12\/portada_m1_5BAch.png\" alt=\"M\u00f3dulo 1 de Quinto Bachillerato\" style=\"height:200px; object-fit: fill;\">            M\u00f3dulo 1 de Quinto Bachillerato        <\/a>\r\n            <!-- Button Panel -->\r\n    <div class=\"wbg-button-container\">\r\n            <\/div>\r\n<\/div><div class=\"wbg-item\">\r\n            <a class=\"wgb-item-link\" href=\"https:\/\/portal.pronea.gt\/?books=modulo-2-etapa-ciclo-basico\" target=\"_self\">\r\n            <img decoding=\"async\" src=\"https:\/\/portal.pronea.gt\/wp-content\/uploads\/2025\/12\/portada_basico_E1M2.png\" alt=\"M\u00f3dulo 2 | Etapa | Ciclo B\u00e1sico\" style=\"height:200px; object-fit: fill;\">            M\u00f3dulo 2 | Etapa |...        <\/a>\r\n            <!-- Button Panel -->\r\n    <div class=\"wbg-button-container\">\r\n            <\/div>\r\n<\/div><div class=\"wbg-item\">\r\n            <a class=\"wgb-item-link\" href=\"https:\/\/portal.pronea.gt\/?books=modulo-2-etapa-2-ciclo-de-educacion-basica\" target=\"_self\">\r\n            <img decoding=\"async\" src=\"https:\/\/portal.pronea.gt\/wp-content\/uploads\/2025\/12\/portada_m2_E2_Basico.png\" alt=\"M\u00f3dulo 2 | Etapa 2 | Ciclo de Educaci\u00f3n B\u00e1sica\" style=\"height:200px; object-fit: fill;\">            M\u00f3dulo 2 | Etapa 2...        <\/a>\r\n            <!-- Button Panel -->\r\n    <div class=\"wbg-button-container\">\r\n            <\/div>\r\n<\/div><div class=\"wbg-item\">\r\n            <a class=\"wgb-item-link\" href=\"https:\/\/portal.pronea.gt\/?books=modulo-2-de-cuarto-bachillerato\" target=\"_self\">\r\n            <img decoding=\"async\" src=\"https:\/\/portal.pronea.gt\/wp-content\/uploads\/2025\/12\/portada_m2_4BAch.png\" alt=\"M\u00f3dulo 2 de Cuarto Bachillerato\" style=\"height:200px; object-fit: fill;\">            M\u00f3dulo 2 de Cuarto Bachillerato        <\/a>\r\n            <!-- Button Panel -->\r\n    <div class=\"wbg-button-container\">\r\n            <\/div>\r\n<\/div><div class=\"wbg-item\">\r\n            <a class=\"wgb-item-link\" href=\"https:\/\/portal.pronea.gt\/?books=modulo-2-de-quinto-bachillerato\" target=\"_self\">\r\n            <img decoding=\"async\" src=\"https:\/\/portal.pronea.gt\/wp-content\/uploads\/2025\/12\/portada_m2_5BAch.png\" alt=\"M\u00f3dulo 2 de Quinto Bachillerato\" style=\"height:200px; object-fit: fill;\">            M\u00f3dulo 2 de Quinto Bachillerato        <\/a>\r\n            <!-- Button Panel -->\r\n    <div class=\"wbg-button-container\">\r\n            <\/div>\r\n<\/div><div class=\"wbg-item\">\r\n            <a class=\"wgb-item-link\" href=\"https:\/\/portal.pronea.gt\/?books=salud-mental-y-apoyo-socioemocional\" target=\"_self\">\r\n            <img decoding=\"async\" src=\"https:\/\/portal.pronea.gt\/wp-content\/uploads\/2025\/06\/portada_salud_mental.png\" alt=\"Salud mental y apoyo socioemocional\" style=\"height:200px; object-fit: fill;\">            Salud mental y apoyo socioemocional        <\/a>\r\n            <!-- Button Panel -->\r\n    <div class=\"wbg-button-container\">\r\n            <\/div>\r\n<\/div>    <\/div>\r\n    <\/div>\r\n\n","protected":false},"excerpt":{"rendered":"","protected":false},"author":2,"featured_media":0,"parent":0,"menu_order":0,"comment_status":"closed","ping_status":"closed","template":"","meta":{"_price":"","_stock":"","_tribe_ticket_header":"","_tribe_default_ticket_provider":"TEC\\Tickets\\Commerce\\Module","_tribe_ticket_capacity":"0","_ticket_start_date":"","_ticket_end_date":"","_tribe_ticket_show_description":"","_tribe_ticket_show_not_going":false,"_tribe_ticket_use_global_stock":"","_tribe_ticket_global_stock_level":"","_global_stock_mode":"","_global_stock_cap":"","_tribe_rsvp_for_event":"","_tribe_ticket_going_count":"","_tribe_ticket_not_going_count":"","_tribe_tickets_list":"[]","_tribe_ticket_has_attendee_info_fields":false,"footnotes":"","_tec_slr_enabled":"","_tec_slr_layout":""},"class_list":["post-174","page","type-page","status-publish","hentry"],"ticketed":false,"_links":{"self":[{"href":"https:\/\/portal.pronea.gt\/index.php?rest_route=\/wp\/v2\/pages\/174","targetHints":{"allow":["GET"]}}],"collection":[{"href":"https:\/\/portal.pronea.gt\/index.php?rest_route=\/wp\/v2\/pages"}],"about":[{"href":"https:\/\/portal.pronea.gt\/index.php?rest_route=\/wp\/v2\/types\/page"}],"author":[{"embeddable":true,"href":"https:\/\/portal.pronea.gt\/index.php?rest_route=\/wp\/v2\/users\/2"}],"replies":[{"embeddable":true,"href":"https:\/\/portal.pronea.gt\/index.php?rest_route=%2Fwp%2Fv2%2Fcomments&post=174"}],"version-history":[{"count":4,"href":"https:\/\/portal.pronea.gt\/index.php?rest_route=\/wp\/v2\/pages\/174\/revisions"}],"predecessor-version":[{"id":604,"href":"https:\/\/portal.pronea.gt\/index.php?rest_route=\/wp\/v2\/pages\/174\/revisions\/604"}],"wp:attachment":[{"href":"https:\/\/portal.pronea.gt\/index.php?rest_route=%2Fwp%2Fv2%2Fmedia&parent=174"}],"curies":[{"name":"wp","href":"https:\/\/api.w.org\/{rel}","templated":true}]}}