{"id":40,"date":"2025-05-28T18:39:23","date_gmt":"2025-05-29T00:39:23","guid":{"rendered":"https:\/\/portal.pronea.gt\/?page_id=40"},"modified":"2026-01-26T14:15:07","modified_gmt":"2026-01-26T20:15:07","slug":"quienes-somos","status":"publish","type":"page","link":"https:\/\/portal.pronea.gt\/?page_id=40","title":{"rendered":"\u00bfQui\u00e9nes somos?"},"content":{"rendered":"<div id=\"cmsmasters_row_\" class=\"cmsmasters_row cmsmasters_color_scheme_default cmsmasters_row_top_default cmsmasters_row_bot_default cmsmasters_row_boxed\">\n<div class=\"cmsmasters_row_outer_parent\">\n<div class=\"cmsmasters_row_outer\">\n<div class=\"cmsmasters_row_inner\">\n<div class=\"cmsmasters_row_margin\">\n<div id=\"cmsmasters_column_\" class=\"cmsmasters_column one_first\">\n<div class=\"cmsmasters_column_inner\"><div class=\"cmsmasters_text\">\n<h3>Somos un programa del <strong>Ministerio de Educaci\u00f3n de Guatemala<\/strong> que tiene como prop\u00f3sito facilitar oportunidades educativas en el marco de la educaci\u00f3n permanente, a trav\u00e9s del uso de tecnolog\u00edas de informaci\u00f3n, con modalidades flexibles, semipresenciales y a distancia con entrega virtual, dirigidas a la poblaci\u00f3n que no ha tenido acceso a la educaci\u00f3n escolar, que no la haya completado, o bien a quienes habi\u00e9ndola tenido desean ampliarla.<\/h3>\n<p><!-- \/wp:post-content --><\/p>\n<p><!-- wp:heading --><\/p>\n<p><!-- \/wp:heading --><\/p>\n<p><!-- \/wp:list --><\/p>\n<\/div>\n<div id=\"cmsmasters_divider_o9rjb4l1do\" class=\"cmsmasters_divider cmsmasters_divider_width_long cmsmasters_divider_pos_center\"><\/div>\n<div id=\"cmsmasters_button_4m8xyo7ctq\" class=\"button_wrap\"><a href=\"https:\/\/portal.pronea.gt\/?page_id=1378\" class=\"cmsmasters_button cmsmasters-icon-users\"><span>Conoce a nuestro personal docente en cada departamento<\/span><\/a><\/div>\n\n<div id=\"cmsmasters_divider_2zbmbq77zg\" class=\"cmsmasters_divider cmsmasters_divider_width_long cmsmasters_divider_pos_center\"><\/div>\n<\/div><\/div>\n<\/div>\n<\/div>\n<\/div>\n<\/div>\n<\/div>\n<div id=\"cmsmasters_row_jxo9ikpvp\" class=\"cmsmasters_row cmsmasters_color_scheme_default cmsmasters_row_top_default cmsmasters_row_bot_default cmsmasters_row_boxed\">\n<div class=\"cmsmasters_row_outer_parent\">\n<div class=\"cmsmasters_row_outer\">\n<div class=\"cmsmasters_row_inner\">\n<div class=\"cmsmasters_row_margin\">\n<div id=\"cmsmasters_column_gv7q9eptzl\" class=\"cmsmasters_column one_third\">\n<div class=\"cmsmasters_column_inner\"><div class=\"cmsmasters_img  cmsmasters_image_n\" data-animation=\"fadeIn\" data-delay=\"0\"><img decoding=\"async\" src=\"https:\/\/portal.pronea.gt\/wp-content\/uploads\/2025\/05\/docente4.jpg\" alt=\"Docente de PRONEA recibiendo diploma de reconocimiento\" \/><\/div>\n<\/div><\/div>\n<div id=\"cmsmasters_column_9utzu60atp\" class=\"cmsmasters_column two_third\">\n<div class=\"cmsmasters_column_inner\"><div class=\"cmsmasters_text\" data-animation=\"fadeInLeft\" data-delay=\"0\">\n<h1 class=\"wp-block-heading\">Nuestros objetivos<\/h1>\n<p><!-- \/wp:heading --><\/p>\n<p><!-- wp:list --><\/p>\n<ul class=\"wp-block-list\">\n<li style=\"list-style-type: none;\">\n<ul class=\"wp-block-list\"><!-- wp:list-item --><\/ul>\n<\/li>\n<\/ul>\n<p><!-- \/wp:list-item --><\/p>\n<p><!-- \/wp:list --><\/p>\n<p><!-- wp:heading --><\/p>\n<\/div>\n<ul id=\"cmsmasters_icon_list_items_ews75opw2f\" class=\"cmsmasters_icon_list_items cmsmasters_icon_list_type_block cmsmasters_icon_list_pos_left cmsmasters_color_type_border\" data-animation=\"pulse\" data-delay=\"0\"><li id=\"cmsmasters_icon_list_item_k8601cpdfs\" class=\"cmsmasters_icon_list_item\">\n<div class=\"cmsmasters_icon_list_item_inner\">\n<div class=\"cmsmasters_icon_list_icon_wrap\">\n<span class=\"cmsmasters_icon_list_icon cmsmasters-icon-edit\"><\/span>\n<\/div>\n<div class=\"cmsmasters_icon_list_item_content\">\n<h4 class=\"cmsmasters_icon_list_item_title\">Contribuir a la ampliaci\u00f3n de la cobertura educativa del Subsistema de Educaci\u00f3n Extraescolar<\/h4>\n<div class=\"cmsmasters_icon_list_item_text\">\n<p>por medio de modalidades de educaci\u00f3n semipresenciales y a distancia, priorizando la entrega educativa virtual o por cualquier otro medio tecnol\u00f3gico, en el Nivel de Educaci\u00f3n Primaria y Nivel de Educaci\u00f3n Media, con enfoque territorial, a efecto de responder a la demanda del pa\u00eds y a las necesidades espec\u00edficas de las personas.<\/p>\n<\/div>\n<\/div>\n<\/div>\n<\/li><li id=\"cmsmasters_icon_list_item_j4hp2yqmwn\" class=\"cmsmasters_icon_list_item\">\n<div class=\"cmsmasters_icon_list_item_inner\">\n<div class=\"cmsmasters_icon_list_icon_wrap\">\n<span class=\"cmsmasters_icon_list_icon cmsmasters-icon-edit\"><\/span>\n<\/div>\n<div class=\"cmsmasters_icon_list_item_content\">\n<h4 class=\"cmsmasters_icon_list_item_title\">Coadyuvar a la formaci\u00f3n tecnol\u00f3gica<\/h4>\n<div class=\"cmsmasters_icon_list_item_text\">\n<p>de la poblaci\u00f3n guatemalteca con cursos libres y diplomados en modalidad presencial y a distancia con entrega virtual.<\/p>\n<\/div>\n<\/div>\n<\/div>\n<\/li><li id=\"cmsmasters_icon_list_item_ksiuzx23kh\" class=\"cmsmasters_icon_list_item\">\n<div class=\"cmsmasters_icon_list_item_inner\">\n<div class=\"cmsmasters_icon_list_icon_wrap\">\n<span class=\"cmsmasters_icon_list_icon cmsmasters-icon-edit\"><\/span>\n<\/div>\n<div class=\"cmsmasters_icon_list_item_content\">\n<h4 class=\"cmsmasters_icon_list_item_title\">Facilitar los procesos educativos para la poblaci\u00f3n guatemalteca<\/h4>\n<div class=\"cmsmasters_icon_list_item_text\">\n<p>que vive en el\u00a0 \u00a0extranjero y extranjeros que viven en Guatemala, para finalizar su educaci\u00f3n en el Nivel de Educaci\u00f3n Primaria y Nivel de Educaci\u00f3n Media, as\u00ed como la formaci\u00f3n tecnol\u00f3gica por medio de cursos libres y diplomados.<\/p>\n<\/div>\n<\/div>\n<\/div>\n<\/li><\/ul>\n<\/div><\/div>\n<\/div>\n<\/div>\n<\/div>\n<\/div>\n<\/div>\n<div id=\"cmsmasters_row_56fdifh9rc\" class=\"cmsmasters_row cmsmasters_color_scheme_default cmsmasters_row_top_default cmsmasters_row_bot_default cmsmasters_row_boxed\">\n<div class=\"cmsmasters_row_outer_parent\">\n<div class=\"cmsmasters_row_outer\">\n<div class=\"cmsmasters_row_inner\">\n<div class=\"cmsmasters_row_margin\">\n<div id=\"cmsmasters_column_vi4wuyai7\" class=\"cmsmasters_column two_third\">\n<div class=\"cmsmasters_column_inner\"><div class=\"cmsmasters_text\" data-animation=\"fadeInRight\" data-delay=\"0\">\n<h1 class=\"wp-block-heading\">Nuestras funciones<\/h1>\n<p><!-- \/wp:heading --><\/p>\n<p><!-- wp:list --><\/p>\n<ul class=\"wp-block-list\">\n<li style=\"list-style-type: none;\">\n<ul class=\"wp-block-list\"><!-- wp:list-item --><\/ul>\n<\/li>\n<\/ul>\n<\/div>\n<ul id=\"cmsmasters_icon_list_items_uynii85oq\" class=\"cmsmasters_icon_list_items cmsmasters_icon_list_type_block cmsmasters_icon_list_pos_left cmsmasters_color_type_border\"><li id=\"cmsmasters_icon_list_item_mzlkaxaa1l\" class=\"cmsmasters_icon_list_item\">\n<div class=\"cmsmasters_icon_list_item_inner\">\n<div class=\"cmsmasters_icon_list_icon_wrap\">\n<span class=\"cmsmasters_icon_list_icon cmsmasters-icon-edit\"><\/span>\n<\/div>\n<div class=\"cmsmasters_icon_list_item_content\">\n<h4 class=\"cmsmasters_icon_list_item_title\">Implementar y ejecutar<\/h4>\n<div class=\"cmsmasters_icon_list_item_text\">\n<p>por medio de las Direcciones Departamentales de Educaci\u00f3n, a trav\u00e9s de las Coordinaciones Departamentales de Educaci\u00f3n Extraescolar, el Nivel de Educaci\u00f3n Primaria, Nivel de Educaci\u00f3n Media (Ciclo de Educaci\u00f3n B\u00e1sica y Ciclo de Educaci\u00f3n Diversificada), cursos libres y diplomados, con modalidades de entrega flexibles, apoyados por la tecnolog\u00eda.<\/p>\n<\/div>\n<\/div>\n<\/div>\n<\/li><li id=\"cmsmasters_icon_list_item_kazjzc1859\" class=\"cmsmasters_icon_list_item\">\n<div class=\"cmsmasters_icon_list_item_inner\">\n<div class=\"cmsmasters_icon_list_icon_wrap\">\n<span class=\"cmsmasters_icon_list_icon cmsmasters-icon-edit\"><\/span>\n<\/div>\n<div class=\"cmsmasters_icon_list_item_content\">\n<h4 class=\"cmsmasters_icon_list_item_title\">Facilitar procesos que permitan la evaluaci\u00f3n por suficiencia<\/h4>\n<div class=\"cmsmasters_icon_list_item_text\">\n<p>a personas que est\u00e9n en el pa\u00eds, poblaci\u00f3n guatemalteca que vive en el extranjero y extranjeros que viven en Guatemala, para incorporarlos al Sistema Educativo Nacional y que les permita continuar sus estudios para el Nivel de Educaci\u00f3n Primaria y Nivel de Educaci\u00f3n Media.<\/p>\n<\/div>\n<\/div>\n<\/div>\n<\/li><li id=\"cmsmasters_icon_list_item_f0zihzl6t\" class=\"cmsmasters_icon_list_item\">\n<div class=\"cmsmasters_icon_list_item_inner\">\n<div class=\"cmsmasters_icon_list_icon_wrap\">\n<span class=\"cmsmasters_icon_list_icon cmsmasters-icon-edit\"><\/span>\n<\/div>\n<div class=\"cmsmasters_icon_list_item_content\">\n<h4 class=\"cmsmasters_icon_list_item_title\">Dise\u00f1ar y actualizar constantemente materiales educativos<\/h4>\n<div class=\"cmsmasters_icon_list_item_text\">\n<p>pertinentes, para estudiantes del Nivel de Educaci\u00f3n Primaria, Nivel de Educaci\u00f3n Media, cursos libres y diplomados.<\/p>\n<\/div>\n<\/div>\n<\/div>\n<\/li><\/ul>\n<\/div><\/div>\n<div id=\"cmsmasters_column_k2mmbvhzt1\" class=\"cmsmasters_column one_third\">\n<div class=\"cmsmasters_column_inner\"><div class=\"cmsmasters_img  cmsmasters_image_n\" data-animation=\"fadeInLeft\" data-delay=\"0\"><img decoding=\"async\" src=\"https:\/\/portal.pronea.gt\/wp-content\/uploads\/2025\/05\/docente5.jpeg\" alt=\"Nuestras funciones Implementar y ejecutar por medio de las Direcciones Departamentales de Educaci\u00f3n, a trav\u00e9s de las Coordinaciones Departamentales de Educaci\u00f3n Extraescolar, el Nivel de Educaci\u00f3n Primaria, Nivel de Educaci\u00f3n Media (Ciclo de Educaci\u00f3n B\u00e1sica y Ciclo de Educaci\u00f3n Diversificada), cursos libres y diplomados, con modalidades de entrega flexibles, apoyados por la tecnolog\u00eda. Facilitar procesos que permitan la evaluaci\u00f3n por suficiencia a personas que est\u00e9n en el pa\u00eds, poblaci\u00f3n guatemalteca que vive en el extranjero y extranjeros que viven en Guatemala, para incorporarlos al Sistema Educativo Nacional y que les permita continuar sus estudios para el Nivel de Educaci\u00f3n Primaria y Nivel de Educaci\u00f3n Media. Dise\u00f1ar y actualizar constantemente materiales educativos pertinentes, para estudiantes del Nivel de Educaci\u00f3n Primaria, Nivel de Educaci\u00f3n Media, cursos libres y diplomados.\" \/><\/div>\n<\/div><\/div>\n<\/div>\n<\/div>\n<\/div>\n<\/div>\n<\/div>\n<div id=\"cmsmasters_row_pnq77pukrz\" class=\"cmsmasters_row cmsmasters_color_scheme_default cmsmasters_row_top_default cmsmasters_row_bot_default cmsmasters_row_boxed\">\n<div class=\"cmsmasters_row_outer_parent\">\n<div class=\"cmsmasters_row_outer\">\n<div class=\"cmsmasters_row_inner\">\n<div class=\"cmsmasters_row_margin\">\n<div id=\"cmsmasters_column_ttzc7q25bg\" class=\"cmsmasters_column one_third\">\n<div class=\"cmsmasters_column_inner\"><div class=\"cmsmasters_img  cmsmasters_image_n\" data-animation=\"fadeInUpBig\" data-delay=\"0\"><img decoding=\"async\" src=\"https:\/\/portal.pronea.gt\/wp-content\/uploads\/2025\/05\/estudiante1a.jpg\" alt=\"Estudiante mostrando su titulo de Bachiller\" \/><\/div>\n<\/div><\/div>\n<div id=\"cmsmasters_column_l2huoq8k3\" class=\"cmsmasters_column two_third\">\n<div class=\"cmsmasters_column_inner\"><div class=\"cmsmasters_text\" data-animation=\"bounceIn\" data-delay=\"0\">\n<h1 class=\"wp-block-heading\">Nuestra poblaci\u00f3n meta<\/h1>\n<p>Adolescentes, j\u00f3venes y adultos fuera del Sistema Educativo Nacional, que deseen continuar, completar y acreditar sus estudios en el \u00e1mbito de la educaci\u00f3n extraescolar.<\/p>\n<\/div>\n<ul id=\"cmsmasters_icon_list_items_2evikg25tr\" class=\"cmsmasters_icon_list_items cmsmasters_icon_list_type_block cmsmasters_icon_list_pos_left cmsmasters_color_type_border\"><li id=\"cmsmasters_icon_list_item_bhpby38u3\" class=\"cmsmasters_icon_list_item\">\n<div class=\"cmsmasters_icon_list_item_inner\">\n<div class=\"cmsmasters_icon_list_icon_wrap\">\n<span class=\"cmsmasters_icon_list_icon cmsmasters-icon-edit\"><\/span>\n<\/div>\n<div class=\"cmsmasters_icon_list_item_content\">\n<h6 class=\"cmsmasters_icon_list_item_title\">En el Nivel de Educaci\u00f3n Primaria a partir de los 13 a\u00f1os de edad;<\/h6>\n<div class=\"cmsmasters_icon_list_item_text\">\n<\/div>\n<\/div>\n<\/div>\n<\/li><li id=\"cmsmasters_icon_list_item_fp5iuxrrop\" class=\"cmsmasters_icon_list_item\">\n<div class=\"cmsmasters_icon_list_item_inner\">\n<div class=\"cmsmasters_icon_list_icon_wrap\">\n<span class=\"cmsmasters_icon_list_icon cmsmasters-icon-edit\"><\/span>\n<\/div>\n<div class=\"cmsmasters_icon_list_item_content\">\n<h6 class=\"cmsmasters_icon_list_item_title\">En el Ciclo de Educaci\u00f3n B\u00e1sica, Nivel de Educaci\u00f3n Media, a partir de los 15 a\u00f1os de edad;<\/h6>\n<div class=\"cmsmasters_icon_list_item_text\">\n<\/div>\n<\/div>\n<\/div>\n<\/li><li id=\"cmsmasters_icon_list_item_wxp9xp3skv\" class=\"cmsmasters_icon_list_item\">\n<div class=\"cmsmasters_icon_list_item_inner\">\n<div class=\"cmsmasters_icon_list_icon_wrap\">\n<span class=\"cmsmasters_icon_list_icon cmsmasters-icon-edit\"><\/span>\n<\/div>\n<div class=\"cmsmasters_icon_list_item_content\">\n<h6 class=\"cmsmasters_icon_list_item_title\">y en el Ciclo de Educaci\u00f3n Diversificada, Nivel de Educaci\u00f3n Media, a partir de los 17 a\u00f1os de edad.<\/h6>\n<div class=\"cmsmasters_icon_list_item_text\">\n<\/div>\n<\/div>\n<\/div>\n<\/li><\/ul>\n<\/div><\/div>\n<\/div>\n<\/div>\n<\/div>\n<\/div>\n<\/div>\n","protected":false},"excerpt":{"rendered":"","protected":false},"author":2,"featured_media":63,"parent":0,"menu_order":0,"comment_status":"closed","ping_status":"closed","template":"","meta":{"_price":"","_stock":"","_tribe_ticket_header":"","_tribe_default_ticket_provider":"TEC\\Tickets\\Commerce\\Module","_tribe_ticket_capacity":"0","_ticket_start_date":"","_ticket_end_date":"","_tribe_ticket_show_description":"","_tribe_ticket_show_not_going":false,"_tribe_ticket_use_global_stock":"","_tribe_ticket_global_stock_level":"","_global_stock_mode":"","_global_stock_cap":"","_tribe_rsvp_for_event":"","_tribe_ticket_going_count":"","_tribe_ticket_not_going_count":"","_tribe_tickets_list":"[]","_tribe_ticket_has_attendee_info_fields":false,"footnotes":"","_tec_slr_enabled":"","_tec_slr_layout":""},"class_list":["post-40","page","type-page","status-publish","has-post-thumbnail","hentry"],"ticketed":false,"_links":{"self":[{"href":"https:\/\/portal.pronea.gt\/index.php?rest_route=\/wp\/v2\/pages\/40","targetHints":{"allow":["GET"]}}],"collection":[{"href":"https:\/\/portal.pronea.gt\/index.php?rest_route=\/wp\/v2\/pages"}],"about":[{"href":"https:\/\/portal.pronea.gt\/index.php?rest_route=\/wp\/v2\/types\/page"}],"author":[{"embeddable":true,"href":"https:\/\/portal.pronea.gt\/index.php?rest_route=\/wp\/v2\/users\/2"}],"replies":[{"embeddable":true,"href":"https:\/\/portal.pronea.gt\/index.php?rest_route=%2Fwp%2Fv2%2Fcomments&post=40"}],"version-history":[{"count":41,"href":"https:\/\/portal.pronea.gt\/index.php?rest_route=\/wp\/v2\/pages\/40\/revisions"}],"predecessor-version":[{"id":1499,"href":"https:\/\/portal.pronea.gt\/index.php?rest_route=\/wp\/v2\/pages\/40\/revisions\/1499"}],"wp:featuredmedia":[{"embeddable":true,"href":"https:\/\/portal.pronea.gt\/index.php?rest_route=\/wp\/v2\/media\/63"}],"wp:attachment":[{"href":"https:\/\/portal.pronea.gt\/index.php?rest_route=%2Fwp%2Fv2%2Fmedia&parent=40"}],"curies":[{"name":"wp","href":"https:\/\/api.w.org\/{rel}","templated":true}]}}